{"id":8553,"date":"2024-01-28T15:29:21","date_gmt":"2024-01-28T20:29:21","guid":{"rendered":"https:\/\/eblock-bd.com\/politique-de-confidentialite\/"},"modified":"2025-02-23T17:50:20","modified_gmt":"2025-02-23T22:50:20","slug":"privacy-policy","status":"publish","type":"page","link":"https:\/\/eblock-bd.com\/fr\/privacy-policy\/","title":{"rendered":"Politique de confidentialit\u00e9"},"content":{"rendered":"\t\t<div data-elementor-type=\"wp-page\" data-elementor-id=\"8553\" class=\"elementor elementor-8553 elementor-1637\" data-elementor-settings=\"{&quot;element_pack_global_tooltip_width&quot;:{&quot;unit&quot;:&quot;px&quot;,&quot;size&quot;:&quot;&quot;,&quot;sizes&quot;:[]},&quot;element_pack_global_tooltip_width_widescreen&quot;:{&quot;unit&quot;:&quot;px&quot;,&quot;size&quot;:&quot;&quot;,&quot;sizes&quot;:[]},&quot;element_pack_global_tooltip_width_laptop&quot;:{&quot;unit&quot;:&quot;px&quot;,&quot;size&quot;:&quot;&quot;,&quot;sizes&quot;:[]},&quot;element_pack_global_tooltip_width_tablet&quot;:{&quot;unit&quot;:&quot;px&quot;,&quot;size&quot;:&quot;&quot;,&quot;sizes&quot;:[]},&quot;element_pack_global_tooltip_width_mobile&quot;:{&quot;unit&quot;:&quot;px&quot;,&quot;size&quot;:&quot;&quot;,&quot;sizes&quot;:[]},&quot;element_pack_global_tooltip_padding&quot;:{&quot;unit&quot;:&quot;px&quot;,&quot;top&quot;:&quot;&quot;,&quot;right&quot;:&quot;&quot;,&quot;bottom&quot;:&quot;&quot;,&quot;left&quot;:&quot;&quot;,&quot;isLinked&quot;:true},&quot;element_pack_global_tooltip_padding_widescreen&quot;:{&quot;unit&quot;:&quot;px&quot;,&quot;top&quot;:&quot;&quot;,&quot;right&quot;:&quot;&quot;,&quot;bottom&quot;:&quot;&quot;,&quot;left&quot;:&quot;&quot;,&quot;isLinked&quot;:true},&quot;element_pack_global_tooltip_padding_laptop&quot;:{&quot;unit&quot;:&quot;px&quot;,&quot;top&quot;:&quot;&quot;,&quot;right&quot;:&quot;&quot;,&quot;bottom&quot;:&quot;&quot;,&quot;left&quot;:&quot;&quot;,&quot;isLinked&quot;:true},&quot;element_pack_global_tooltip_padding_tablet&quot;:{&quot;unit&quot;:&quot;px&quot;,&quot;top&quot;:&quot;&quot;,&quot;right&quot;:&quot;&quot;,&quot;bottom&quot;:&quot;&quot;,&quot;left&quot;:&quot;&quot;,&quot;isLinked&quot;:true},&quot;element_pack_global_tooltip_padding_mobile&quot;:{&quot;unit&quot;:&quot;px&quot;,&quot;top&quot;:&quot;&quot;,&quot;right&quot;:&quot;&quot;,&quot;bottom&quot;:&quot;&quot;,&quot;left&quot;:&quot;&quot;,&quot;isLinked&quot;:true},&quot;element_pack_global_tooltip_border_radius&quot;:{&quot;unit&quot;:&quot;px&quot;,&quot;top&quot;:&quot;&quot;,&quot;right&quot;:&quot;&quot;,&quot;bottom&quot;:&quot;&quot;,&quot;left&quot;:&quot;&quot;,&quot;isLinked&quot;:true},&quot;element_pack_global_tooltip_border_radius_widescreen&quot;:{&quot;unit&quot;:&quot;px&quot;,&quot;top&quot;:&quot;&quot;,&quot;right&quot;:&quot;&quot;,&quot;bottom&quot;:&quot;&quot;,&quot;left&quot;:&quot;&quot;,&quot;isLinked&quot;:true},&quot;element_pack_global_tooltip_border_radius_laptop&quot;:{&quot;unit&quot;:&quot;px&quot;,&quot;top&quot;:&quot;&quot;,&quot;right&quot;:&quot;&quot;,&quot;bottom&quot;:&quot;&quot;,&quot;left&quot;:&quot;&quot;,&quot;isLinked&quot;:true},&quot;element_pack_global_tooltip_border_radius_tablet&quot;:{&quot;unit&quot;:&quot;px&quot;,&quot;top&quot;:&quot;&quot;,&quot;right&quot;:&quot;&quot;,&quot;bottom&quot;:&quot;&quot;,&quot;left&quot;:&quot;&quot;,&quot;isLinked&quot;:true},&quot;element_pack_global_tooltip_border_radius_mobile&quot;:{&quot;unit&quot;:&quot;px&quot;,&quot;top&quot;:&quot;&quot;,&quot;right&quot;:&quot;&quot;,&quot;bottom&quot;:&quot;&quot;,&quot;left&quot;:&quot;&quot;,&quot;isLinked&quot;:true}}\" data-elementor-post-type=\"page\">\n\t\t\t\t<div class=\"elementor-element elementor-element-85b2e0b e-flex e-con-boxed e-con e-parent\" data-id=\"85b2e0b\" data-element_type=\"container\">\n\t\t\t\t\t<div class=\"e-con-inner\">\n\t\t\t\t<div class=\"elementor-element elementor-element-178a0ba0 elementor-widget elementor-widget-text-editor\" data-id=\"178a0ba0\" data-element_type=\"widget\" data-widget_type=\"text-editor.default\">\n\t\t\t\t<div class=\"elementor-widget-container\">\n\t\t\t\t\t\t\t\t\t<h1 style=\"font-family: Mulish, sans-serif;\">Politique de confidentialit\u00e9<\/h1>\n<div>Cette politique de confidentialit\u00e9 gouverne votre utilisation du logiciel d\u2019applicaiton EBlock (\u00ab\u00a0Application\u00a0\u00bb) pour les appareils mobiles cr\u00e9\u00e9s par EBlock, Inc EBlock est une plateforme de vente aux ench\u00e8res en ligne exclusive aux concessionnaires automobiles.<\/div>\n<h4><b style=\"font-family: Mulish, sans-serif;\">Quelles sont les informations obtenues par l\u2019Application et comment sont-elles utilis\u00e9es?<\/b><\/h4>\n\n<h4 style=\"font-family: Mulish, sans-serif;\"><b>Information fournie par l\u2019utilisateur<\/b><\/h4><div>\nL\u2019application obtient les informations que vous fournissez lorsque vous t\u00e9l\u00e9chargez l\u2019Application et lors de votre enregistrement. L\u2019enregistrement est mandataire pour pouvoir utiliser l\u2019Application. Lorsque vous vous enregistrez avec nous et utilisez l\u2019Application, vous fournissez habituellement (a) les informations sur votre entreprise, votre nom, votre adresse courriel, votre nom d\u2019utilisateur, votre mot de passe et autre information d\u2019enregistrement; (b) informations concernant les transactions, telles que la date de vos achats, vos r\u00e9ponses aux offres, ou nos t\u00e9l\u00e9chargements ou utilisations de l\u2019Application; (c) informations que vous nous fournissez quand vous nous contactez pour de l\u2019assistance; (d) information que vous inscrivez dans notre syst\u00e8me lorsque vous utilisez l\u2019Application. Nous pouvons aussi utiliser l\u2019information que vous nous fournissez pour vous contacter et vous communiquer des informations importantes, des avis requis et des promotions de marketing.\n\n<\/div>\n<div style=\"-webkit-tap-highlight-color: rgba(255, 255, 255, 0); -webkit-font-smoothing: antialiased; text-rendering: optimizespeed; color: rgba(0, 0, 0, 0.87); font-family: Figtree, sans-serif; font-size: 16px; letter-spacing: 0.32px;\">\n<h5 style=\"font-family: Mulish, sans-serif;\"><b>Collecte d\u2019information automatique<\/b><\/h5>\nAussi, l\u2019Application peut collecter certaines informations automatiquement, et inclus, mais non limit\u00e9e, au type d\u2019appareil mobile que vous utilisez, votre identifiant unique de dispositif mobile, votre adresse IP de votre appareil mobile, votre syst\u00e8me d\u2019op\u00e9ration mobile, et les informations \u00e0 propos de la fa\u00e7on dont vous utilisez l\u2019Application.\n<h5 style=\"font-family: Mulish, sans-serif;\"><b>Est-ce que l\u2019Application collecte des informations pr\u00e9cises en temps r\u00e9el de l\u2019appareil?<\/b><\/h5>\nQuand vous visitez l\u2019Application mobile, nous pouvons utiliser la technologie GPS (ou autre technologie similaire) pour d\u00e9terminer votre emplacement actuel dans le but de d\u00e9terminer le nom de la ville de votre emplacement et afficher la carte d\u2019emplacement avec des informations pertinentes. Nous ne partageons pas vos informations d\u2019emplacement avec d\u2019autre utilisateur ou partenaire.\n\nSi vous ne voulez pas que nous utilisions votre emplacement pour le but cit\u00e9 ci-dessus, vous devez d\u00e9sactiver le service d\u2019emplacement mobile de l\u2019Application sur la page de param\u00e8tres de votre compte ou dans vos param\u00e8tres de t\u00e9l\u00e9phone mobile et\/ou dans l\u2019application.\n<h5 style=\"font-family: Mulish, sans-serif;\"><b>Est-ce que des parties tierces voient ou ont acc\u00e8s \u00e0 l\u2019information obtenue par l\u2019Application?<\/b><\/h5>\nOui. Nous partageons vos informations avec des parties tierces en suivant uniquement les fa\u00e7ons d\u00e9crites dans cette politique de confidentialit\u00e9.\n<h5 style=\"font-family: Mulish, sans-serif;\"><b>Nous pouvons divulguer les informations fournies par l\u2019utilisateur et collect\u00e9e automatiquement\u00a0:<\/b><\/h5>\n<ul>\n \t<li>comme l\u2019exige la loi, par exemple pour se conformer \u00e0 une assignation \u00e0 compara\u00eetre ou \u00e0 une proc\u00e9dure judiciaire similaire;<\/li>\n \t<li>lorsque nous croyons de bonne foi que la divulgation est n\u00e9cessaire pour prot\u00e9ger nos droits, prot\u00e9ger votre s\u00e9curit\u00e9 ou celle d\u2019autrui, enqu\u00eater sur la fraude ou r\u00e9pondre \u00e0 une demande du gouvernement;<\/li>\n \t<li>avec nos fournisseurs de services de confiance qui travaillent en notre nom, n\u2019ont pas une utilisation ind\u00e9pendante des informations que nous leur divulguons, et ont accept\u00e9 d\u2019adh\u00e9rer aux r\u00e8gles \u00e9nonc\u00e9es dans cette d\u00e9claration de confidentialit\u00e9;<\/li>\n \t<li>si EBlock, Inc. participe \u00e0 une fusion, une acquisition ou une vente de tout ou partie de ses actifs, vous serez inform\u00e9 par courriel et\/ou par un avis bien en vue sur notre site Web de tout changement de propri\u00e9t\u00e9 ou d\u2019utilisation de ces informations, ainsi que de tout choix que vous pourriez avoir concernant ces informations.<\/li>\n<\/ul>\n<h5 style=\"font-family: Mulish, sans-serif;\"><b>Quels sont mes droits de non-participation?<\/b><\/h5>\nVous pouvez choisir de cesser la collecte d\u2019information de l\u2019Application facilement en d\u00e9sinstallant l\u2019Application. Vous pouvez suivre les \u00e9tapes r\u00e9guli\u00e8res du processus de d\u00e9sinstallation disponible sur votre appareil mobile ou via l&rsquo;application mobile du march\u00e9 ou du r\u00e9seau. Vous pouvez aussi demander la non-participation par courriel \u00e0 l\u2019adresse <span style=\"color: #26b899;\"><a style=\"color: #26b899;\" href=\"mailto:info@eblock.com\">info@eblock.com<\/a><\/span>.\n<h5 style=\"font-family: Mulish, sans-serif;\"><b>Notifications SMS<\/b><\/h5>\nLorsque vous acceptez les notifications SMS, EBlock envoie des messages automatiques promotionnels et non promotionnels concernant les ench\u00e8res (par exemple, une surench\u00e8re a \u00e9t\u00e9 plac\u00e9e). Vous pouvez vous d\u00e9sinscrire en r\u00e9pondant STOP. Des frais de messagerie et de donn\u00e9es peuvent s\u2019appliquer lors de l\u2019envoi ou la r\u00e9ception de messages. EBlock n\u2019est pas responsable des frais associ\u00e9s \u00e0 la messagerie.\n<h5 style=\"font-family: Mulish, sans-serif;\"><b>Politique de r\u00e9tention de donn\u00e9es et gestion de vos informations<\/b><\/h5>\nNous conserverons les donn\u00e9es fournies par l&rsquo;utilisateur aussi longtemps que vous utiliserez l&rsquo;application et, par la suite, nous pourrons les stocker sous forme agr\u00e9g\u00e9e. Si vous d\u00e9sirez supprimer les donn\u00e9es fournies par l\u2019utilisateur que vous avez partag\u00e9es via l\u2019Application, veuillez nous contacter \u00e0 l\u2019adresse <span style=\"color: #26b899;\"><a style=\"color: #26b899;\" href=\"mailto:info@eblock.com\" target=\"_blank\" rel=\"noopener noreferrer\"><u>info@eblock.com<\/u><\/a>.<\/span> Nous vous r\u00e9pondrons dans un d\u00e9lai raisonnable. Veuillez noter que certaines donn\u00e9es fournies par l\u2019utilisateur sont requises pour que l\u2019application fonctionne correctement.\n<h5 style=\"font-family: Mulish, sans-serif;\"><b>S\u00e9curit\u00e9<\/b><\/h5>\nNous sommes soucieux de pr\u00e9server la confidentialit\u00e9 de vos informations. Nous mettons en place des mesures de protection physiques, \u00e9lectroniques et proc\u00e9durales pour prot\u00e9ger les informations que nous traitons et conservons. Par exemple, nous limitons l&rsquo;acc\u00e8s \u00e0 ces informations aux employ\u00e9s et sous-traitants autoris\u00e9s qui ont besoin de les conna\u00eetre pour exploiter, d\u00e9velopper ou am\u00e9liorer notre application. Veuillez noter que, bien que nous nous effor\u00e7ons de fournir une s\u00e9curit\u00e9 raisonnable pour les informations que nous traitons et conservons, aucun syst\u00e8me de s\u00e9curit\u00e9 ne peut emp\u00eacher toutes les violations potentielles de la s\u00e9curit\u00e9.\n<h5 style=\"font-family: Mulish, sans-serif;\"><b>Modifications<\/b><\/h5>\nCette politique de confidentialit\u00e9 peut \u00eatre mise \u00e0 jour en tout temps, pour quelque raison que ce soit. Nous vous aviserons des modifications apport\u00e9es \u00e0 notre politique de confidentialit\u00e9 par courriel ou message texte. Vous \u00eates avis\u00e9 de consulter cette politique de confidentialit\u00e9 pour toutes modifications, car la poursuite de l&rsquo;utilisation est consid\u00e9r\u00e9e comme une approbation de toutes les modifications.\n<h5 style=\"font-family: Mulish, sans-serif;\"><b>Votre consentement<\/b><\/h5>\nVous consentez en utilisant l\u2019Application \u00e0 notre utilisation de vos informations telle que d\u00e9crit ou modifi\u00e9 dans cette politique de confidentialit\u00e9. Le \u00ab\u00a0Traitement\u00a0\u00bb signifie l\u2019utilisation de t\u00e9moins informatique sur un ordinateur ou un appareil mobile ou utiliser ou toucher l\u2019information de quelque fa\u00e7on, mais non limit\u00e9 \u00e0 collecter, stocker, supprimer, utiliser, combiner ou partager des informations de toutes les activit\u00e9s qui se rapporte au Canada.\n<h5 style=\"font-family: Mulish, sans-serif;\"><b>Contactez-nous<\/b><\/h5>\nSi vous avez des questions concernant la confidentialit\u00e9 avec l\u2019utilisation de l\u2019Application, ou vous avez des questions concernant nos usages, veuillez nous contacter via l\u2019adresse <a href=\"mailto:info@eblock.com\" target=\"_blank\" rel=\"noopener noreferrer\"><u><span style=\"color: #26b899;\">info@eblock.com<\/span><\/u><\/a>.\t\t\t\t\t\t\t\t<\/div>\n\t\t\t\t<\/div>\n\t\t\t\t\t<\/div>\n\t\t\t\t<\/div>\n\t\t\t\t<\/div>\n\t\t","protected":false},"excerpt":{"rendered":"<p>Politique de confidentialit\u00e9 Cette politique de confidentialit\u00e9 gouverne votre utilisation du logiciel d\u2019applicaiton EBlock (\u00ab\u00a0Application\u00a0\u00bb) pour les appareils mobiles cr\u00e9\u00e9s par EBlock, Inc EBlock est une plateforme de vente aux ench\u00e8res en ligne exclusive aux concessionnaires automobiles. Quelles sont les informations obtenues par l\u2019Application et comment sont-elles utilis\u00e9es? Information fournie par l\u2019utilisateur L\u2019application obtient les [&hellip;]<\/p>\n","protected":false},"author":1,"featured_media":0,"parent":0,"menu_order":0,"comment_status":"closed","ping_status":"open","template":"elementor_header_footer","meta":{"content-type":"","footnotes":""},"class_list":["post-8553","page","type-page","status-publish","hentry"],"yoast_head":"<!-- This site is optimized with the Yoast SEO plugin v24.5 - https:\/\/yoast.com\/wordpress\/plugins\/seo\/ -->\n<title>Politique de confidentialit\u00e9 - E Block Inc.<\/title>\n<meta name=\"robots\" content=\"noindex, follow, max-snippet:-1, max-image-preview:large, max-video-preview:-1\" \/>\n<meta property=\"og:locale\" content=\"fr_CA\" \/>\n<meta property=\"og:type\" content=\"article\" \/>\n<meta property=\"og:title\" content=\"Politique de confidentialit\u00e9 - E Block Inc.\" \/>\n<meta property=\"og:description\" content=\"Politique de confidentialit\u00e9 Cette politique de confidentialit\u00e9 gouverne votre utilisation du logiciel d\u2019applicaiton EBlock (\u00ab\u00a0Application\u00a0\u00bb) pour les appareils mobiles cr\u00e9\u00e9s par EBlock, Inc EBlock est une plateforme de vente aux ench\u00e8res en ligne exclusive aux concessionnaires automobiles. Quelles sont les informations obtenues par l\u2019Application et comment sont-elles utilis\u00e9es? Information fournie par l\u2019utilisateur L\u2019application obtient les [&hellip;]\" \/>\n<meta property=\"og:url\" content=\"https:\/\/eblock-bd.com\/fr\/privacy-policy\/\" \/>\n<meta property=\"og:site_name\" content=\"E Block Inc.\" \/>\n<meta property=\"article:modified_time\" content=\"2025-02-23T22:50:20+00:00\" \/>\n<meta name=\"twitter:card\" content=\"summary_large_image\" \/>\n<meta name=\"twitter:label1\" content=\"Estimation du temps de lecture\" \/>\n\t<meta name=\"twitter:data1\" content=\"5 minutes\" \/>\n<script type=\"application\/ld+json\" class=\"yoast-schema-graph\">{\"@context\":\"https:\/\/schema.org\",\"@graph\":[{\"@type\":\"WebPage\",\"@id\":\"https:\/\/eblock-bd.com\/fr\/privacy-policy\/\",\"url\":\"https:\/\/eblock-bd.com\/fr\/privacy-policy\/\",\"name\":\"Politique de confidentialit\u00e9 - E Block Inc.\",\"isPartOf\":{\"@id\":\"https:\/\/eblock-bd.com\/fr\/#website\"},\"datePublished\":\"2024-01-28T20:29:21+00:00\",\"dateModified\":\"2025-02-23T22:50:20+00:00\",\"breadcrumb\":{\"@id\":\"https:\/\/eblock-bd.com\/fr\/privacy-policy\/#breadcrumb\"},\"inLanguage\":\"fr-CA\",\"potentialAction\":[{\"@type\":\"ReadAction\",\"target\":[\"https:\/\/eblock-bd.com\/fr\/privacy-policy\/\"]}]},{\"@type\":\"BreadcrumbList\",\"@id\":\"https:\/\/eblock-bd.com\/fr\/privacy-policy\/#breadcrumb\",\"itemListElement\":[{\"@type\":\"ListItem\",\"position\":1,\"name\":\"Home\",\"item\":\"https:\/\/eblock-bd.com\/fr\/\"},{\"@type\":\"ListItem\",\"position\":2,\"name\":\"Politique de confidentialit\u00e9\"}]},{\"@type\":\"WebSite\",\"@id\":\"https:\/\/eblock-bd.com\/fr\/#website\",\"url\":\"https:\/\/eblock-bd.com\/fr\/\",\"name\":\"E Block Inc.\",\"description\":\"\",\"publisher\":{\"@id\":\"https:\/\/eblock-bd.com\/fr\/#organization\"},\"potentialAction\":[{\"@type\":\"SearchAction\",\"target\":{\"@type\":\"EntryPoint\",\"urlTemplate\":\"https:\/\/eblock-bd.com\/fr\/?s={search_term_string}\"},\"query-input\":{\"@type\":\"PropertyValueSpecification\",\"valueRequired\":true,\"valueName\":\"search_term_string\"}}],\"inLanguage\":\"fr-CA\"},{\"@type\":\"Organization\",\"@id\":\"https:\/\/eblock-bd.com\/fr\/#organization\",\"name\":\"E Block Inc.\",\"url\":\"https:\/\/eblock-bd.com\/fr\/\",\"logo\":{\"@type\":\"ImageObject\",\"inLanguage\":\"fr-CA\",\"@id\":\"https:\/\/eblock-bd.com\/fr\/#\/schema\/logo\/image\/\",\"url\":\"https:\/\/eblock-bd.com\/wp-content\/uploads\/2024\/09\/favicon.svg\",\"contentUrl\":\"https:\/\/eblock-bd.com\/wp-content\/uploads\/2024\/09\/favicon.svg\",\"caption\":\"E Block Inc.\"},\"image\":{\"@id\":\"https:\/\/eblock-bd.com\/fr\/#\/schema\/logo\/image\/\"}}]}<\/script>\n<!-- \/ Yoast SEO plugin. -->","yoast_head_json":{"title":"Politique de confidentialit\u00e9 - E Block Inc.","robots":{"index":"noindex","follow":"follow","max-snippet":"max-snippet:-1","max-image-preview":"max-image-preview:large","max-video-preview":"max-video-preview:-1"},"og_locale":"fr_CA","og_type":"article","og_title":"Politique de confidentialit\u00e9 - E Block Inc.","og_description":"Politique de confidentialit\u00e9 Cette politique de confidentialit\u00e9 gouverne votre utilisation du logiciel d\u2019applicaiton EBlock (\u00ab\u00a0Application\u00a0\u00bb) pour les appareils mobiles cr\u00e9\u00e9s par EBlock, Inc EBlock est une plateforme de vente aux ench\u00e8res en ligne exclusive aux concessionnaires automobiles. Quelles sont les informations obtenues par l\u2019Application et comment sont-elles utilis\u00e9es? Information fournie par l\u2019utilisateur L\u2019application obtient les [&hellip;]","og_url":"https:\/\/eblock-bd.com\/fr\/privacy-policy\/","og_site_name":"E Block Inc.","article_modified_time":"2025-02-23T22:50:20+00:00","twitter_card":"summary_large_image","twitter_misc":{"Estimation du temps de lecture":"5 minutes"},"schema":{"@context":"https:\/\/schema.org","@graph":[{"@type":"WebPage","@id":"https:\/\/eblock-bd.com\/fr\/privacy-policy\/","url":"https:\/\/eblock-bd.com\/fr\/privacy-policy\/","name":"Politique de confidentialit\u00e9 - E Block Inc.","isPartOf":{"@id":"https:\/\/eblock-bd.com\/fr\/#website"},"datePublished":"2024-01-28T20:29:21+00:00","dateModified":"2025-02-23T22:50:20+00:00","breadcrumb":{"@id":"https:\/\/eblock-bd.com\/fr\/privacy-policy\/#breadcrumb"},"inLanguage":"fr-CA","potentialAction":[{"@type":"ReadAction","target":["https:\/\/eblock-bd.com\/fr\/privacy-policy\/"]}]},{"@type":"BreadcrumbList","@id":"https:\/\/eblock-bd.com\/fr\/privacy-policy\/#breadcrumb","itemListElement":[{"@type":"ListItem","position":1,"name":"Home","item":"https:\/\/eblock-bd.com\/fr\/"},{"@type":"ListItem","position":2,"name":"Politique de confidentialit\u00e9"}]},{"@type":"WebSite","@id":"https:\/\/eblock-bd.com\/fr\/#website","url":"https:\/\/eblock-bd.com\/fr\/","name":"E Block Inc.","description":"","publisher":{"@id":"https:\/\/eblock-bd.com\/fr\/#organization"},"potentialAction":[{"@type":"SearchAction","target":{"@type":"EntryPoint","urlTemplate":"https:\/\/eblock-bd.com\/fr\/?s={search_term_string}"},"query-input":{"@type":"PropertyValueSpecification","valueRequired":true,"valueName":"search_term_string"}}],"inLanguage":"fr-CA"},{"@type":"Organization","@id":"https:\/\/eblock-bd.com\/fr\/#organization","name":"E Block Inc.","url":"https:\/\/eblock-bd.com\/fr\/","logo":{"@type":"ImageObject","inLanguage":"fr-CA","@id":"https:\/\/eblock-bd.com\/fr\/#\/schema\/logo\/image\/","url":"https:\/\/eblock-bd.com\/wp-content\/uploads\/2024\/09\/favicon.svg","contentUrl":"https:\/\/eblock-bd.com\/wp-content\/uploads\/2024\/09\/favicon.svg","caption":"E Block Inc."},"image":{"@id":"https:\/\/eblock-bd.com\/fr\/#\/schema\/logo\/image\/"}}]}},"_links":{"self":[{"href":"https:\/\/eblock-bd.com\/fr\/wp-json\/wp\/v2\/pages\/8553","targetHints":{"allow":["GET"]}}],"collection":[{"href":"https:\/\/eblock-bd.com\/fr\/wp-json\/wp\/v2\/pages"}],"about":[{"href":"https:\/\/eblock-bd.com\/fr\/wp-json\/wp\/v2\/types\/page"}],"author":[{"embeddable":true,"href":"https:\/\/eblock-bd.com\/fr\/wp-json\/wp\/v2\/users\/1"}],"replies":[{"embeddable":true,"href":"https:\/\/eblock-bd.com\/fr\/wp-json\/wp\/v2\/comments?post=8553"}],"version-history":[{"count":24,"href":"https:\/\/eblock-bd.com\/fr\/wp-json\/wp\/v2\/pages\/8553\/revisions"}],"predecessor-version":[{"id":11203,"href":"https:\/\/eblock-bd.com\/fr\/wp-json\/wp\/v2\/pages\/8553\/revisions\/11203"}],"wp:attachment":[{"href":"https:\/\/eblock-bd.com\/fr\/wp-json\/wp\/v2\/media?parent=8553"}],"curies":[{"name":"wp","href":"https:\/\/api.w.org\/{rel}","templated":true}]}}