{"id":8564,"date":"2024-05-10T08:31:36","date_gmt":"2024-05-10T12:31:36","guid":{"rendered":"https:\/\/eblock-bd.com\/politique-daccessibilite\/"},"modified":"2025-02-17T15:31:27","modified_gmt":"2025-02-17T20:31:27","slug":"accessibility-policy","status":"publish","type":"page","link":"https:\/\/eblock-bd.com\/fr\/accessibility-policy\/","title":{"rendered":"Politique d\u2019accessibilit\u00e9"},"content":{"rendered":"\t\t<div data-elementor-type=\"wp-page\" data-elementor-id=\"8564\" class=\"elementor elementor-8564 elementor-1634\" data-elementor-settings=\"{&quot;element_pack_global_tooltip_width&quot;:{&quot;unit&quot;:&quot;px&quot;,&quot;size&quot;:&quot;&quot;,&quot;sizes&quot;:[]},&quot;element_pack_global_tooltip_width_widescreen&quot;:{&quot;unit&quot;:&quot;px&quot;,&quot;size&quot;:&quot;&quot;,&quot;sizes&quot;:[]},&quot;element_pack_global_tooltip_width_laptop&quot;:{&quot;unit&quot;:&quot;px&quot;,&quot;size&quot;:&quot;&quot;,&quot;sizes&quot;:[]},&quot;element_pack_global_tooltip_width_tablet&quot;:{&quot;unit&quot;:&quot;px&quot;,&quot;size&quot;:&quot;&quot;,&quot;sizes&quot;:[]},&quot;element_pack_global_tooltip_width_mobile&quot;:{&quot;unit&quot;:&quot;px&quot;,&quot;size&quot;:&quot;&quot;,&quot;sizes&quot;:[]},&quot;element_pack_global_tooltip_padding&quot;:{&quot;unit&quot;:&quot;px&quot;,&quot;top&quot;:&quot;&quot;,&quot;right&quot;:&quot;&quot;,&quot;bottom&quot;:&quot;&quot;,&quot;left&quot;:&quot;&quot;,&quot;isLinked&quot;:true},&quot;element_pack_global_tooltip_padding_widescreen&quot;:{&quot;unit&quot;:&quot;px&quot;,&quot;top&quot;:&quot;&quot;,&quot;right&quot;:&quot;&quot;,&quot;bottom&quot;:&quot;&quot;,&quot;left&quot;:&quot;&quot;,&quot;isLinked&quot;:true},&quot;element_pack_global_tooltip_padding_laptop&quot;:{&quot;unit&quot;:&quot;px&quot;,&quot;top&quot;:&quot;&quot;,&quot;right&quot;:&quot;&quot;,&quot;bottom&quot;:&quot;&quot;,&quot;left&quot;:&quot;&quot;,&quot;isLinked&quot;:true},&quot;element_pack_global_tooltip_padding_tablet&quot;:{&quot;unit&quot;:&quot;px&quot;,&quot;top&quot;:&quot;&quot;,&quot;right&quot;:&quot;&quot;,&quot;bottom&quot;:&quot;&quot;,&quot;left&quot;:&quot;&quot;,&quot;isLinked&quot;:true},&quot;element_pack_global_tooltip_padding_mobile&quot;:{&quot;unit&quot;:&quot;px&quot;,&quot;top&quot;:&quot;&quot;,&quot;right&quot;:&quot;&quot;,&quot;bottom&quot;:&quot;&quot;,&quot;left&quot;:&quot;&quot;,&quot;isLinked&quot;:true},&quot;element_pack_global_tooltip_border_radius&quot;:{&quot;unit&quot;:&quot;px&quot;,&quot;top&quot;:&quot;&quot;,&quot;right&quot;:&quot;&quot;,&quot;bottom&quot;:&quot;&quot;,&quot;left&quot;:&quot;&quot;,&quot;isLinked&quot;:true},&quot;element_pack_global_tooltip_border_radius_widescreen&quot;:{&quot;unit&quot;:&quot;px&quot;,&quot;top&quot;:&quot;&quot;,&quot;right&quot;:&quot;&quot;,&quot;bottom&quot;:&quot;&quot;,&quot;left&quot;:&quot;&quot;,&quot;isLinked&quot;:true},&quot;element_pack_global_tooltip_border_radius_laptop&quot;:{&quot;unit&quot;:&quot;px&quot;,&quot;top&quot;:&quot;&quot;,&quot;right&quot;:&quot;&quot;,&quot;bottom&quot;:&quot;&quot;,&quot;left&quot;:&quot;&quot;,&quot;isLinked&quot;:true},&quot;element_pack_global_tooltip_border_radius_tablet&quot;:{&quot;unit&quot;:&quot;px&quot;,&quot;top&quot;:&quot;&quot;,&quot;right&quot;:&quot;&quot;,&quot;bottom&quot;:&quot;&quot;,&quot;left&quot;:&quot;&quot;,&quot;isLinked&quot;:true},&quot;element_pack_global_tooltip_border_radius_mobile&quot;:{&quot;unit&quot;:&quot;px&quot;,&quot;top&quot;:&quot;&quot;,&quot;right&quot;:&quot;&quot;,&quot;bottom&quot;:&quot;&quot;,&quot;left&quot;:&quot;&quot;,&quot;isLinked&quot;:true}}\" data-elementor-post-type=\"page\">\n\t\t\t\t<div class=\"elementor-element elementor-element-7ea668d e-con-full e-flex e-con e-parent\" data-id=\"7ea668d\" data-element_type=\"container\">\n\t\t\t\t<div class=\"elementor-element elementor-element-a190662 elementor-widget elementor-widget-heading\" data-id=\"a190662\" data-element_type=\"widget\" data-widget_type=\"heading.default\">\n\t\t\t\t<div class=\"elementor-widget-container\">\n\t\t\t\t\t<h1 class=\"elementor-heading-title elementor-size-default\">Politique d'accessibilit\u00e9<\/h1>\t\t\t\t<\/div>\n\t\t\t\t<\/div>\n\t\t\t\t<div class=\"elementor-element elementor-element-8bdad6b elementor-widget-divider--view-line elementor-widget elementor-widget-divider\" data-id=\"8bdad6b\" data-element_type=\"widget\" data-widget_type=\"divider.default\">\n\t\t\t\t<div class=\"elementor-widget-container\">\n\t\t\t\t\t\t\t<div class=\"elementor-divider\">\n\t\t\t<span class=\"elementor-divider-separator\">\n\t\t\t\t\t\t<\/span>\n\t\t<\/div>\n\t\t\t\t\t\t<\/div>\n\t\t\t\t<\/div>\n\t\t\t\t<div class=\"elementor-element elementor-element-651dfa5 elementor-widget elementor-widget-text-editor\" data-id=\"651dfa5\" data-element_type=\"widget\" data-widget_type=\"text-editor.default\">\n\t\t\t\t<div class=\"elementor-widget-container\">\n\t\t\t\t\t\t\t\t\t<p>E INC. s&rsquo;efforce d&rsquo;offrir ses services de mani\u00e8re \u00e0 respecter la dignit\u00e9 et l&rsquo;autonomie des personnes handicap\u00e9es. E INC. s&rsquo;engage \u00e0 donner aux personnes handicap\u00e9es la m\u00eame opportunit\u00e9 d&rsquo;acc\u00e9der et de b\u00e9n\u00e9ficier de nos services de la m\u00eame mani\u00e8re que les autres clients.<\/p><p>Vous trouverez ci-dessous un lien vers les politiques d\u2019E INC. concernant la fourniture de biens et de services accessibles aux personnes handicap\u00e9es.<\/p><p><a href=\"https:\/\/assets.ctfassets.net\/n68lmu8cubaa\/4QutryCmIUQaQxcXrhl9tc\/1d521ffa32c2371c15845840f4215926\/E_INC._Accessibility_Policy.pdf\" target=\"_blank\" rel=\"noopener noreferrer\">E INC. Accessibility Policy &#8211; English<\/a><\/p><p><a href=\"https:\/\/assets.ctfassets.net\/n68lmu8cubaa\/peQ7BqrAeZNiSadfk9IL3\/1b05df210ccae68d62d3720478af5ce0\/Multi_Year_Accessibility_Plan_-_E_Automotive_Inc.pdf\" target=\"_blank\" rel=\"noopener noreferrer\">E INC. Accessibility Multi-Year Plan &#8211; English<\/a><\/p>\t\t\t\t\t\t\t\t<\/div>\n\t\t\t\t<\/div>\n\t\t\t\t<\/div>\n\t\t\t\t<\/div>\n\t\t","protected":false},"excerpt":{"rendered":"<p>Politique d&rsquo;accessibilit\u00e9 E INC. s&rsquo;efforce d&rsquo;offrir ses services de mani\u00e8re \u00e0 respecter la dignit\u00e9 et l&rsquo;autonomie des personnes handicap\u00e9es. E INC. s&rsquo;engage \u00e0 donner aux personnes handicap\u00e9es la m\u00eame opportunit\u00e9 d&rsquo;acc\u00e9der et de b\u00e9n\u00e9ficier de nos services de la m\u00eame mani\u00e8re que les autres clients. Vous trouverez ci-dessous un lien vers les politiques d\u2019E INC. [&hellip;]<\/p>\n","protected":false},"author":1,"featured_media":0,"parent":0,"menu_order":0,"comment_status":"closed","ping_status":"closed","template":"elementor_header_footer","meta":{"content-type":"","footnotes":""},"class_list":["post-8564","page","type-page","status-publish","hentry"],"yoast_head":"<!-- This site is optimized with the Yoast SEO plugin v24.5 - https:\/\/yoast.com\/wordpress\/plugins\/seo\/ -->\n<title>Politique d\u2019accessibilit\u00e9 - E Block Inc.<\/title>\n<meta name=\"robots\" content=\"noindex, follow, max-snippet:-1, max-image-preview:large, max-video-preview:-1\" \/>\n<meta property=\"og:locale\" content=\"fr_CA\" \/>\n<meta property=\"og:type\" content=\"article\" \/>\n<meta property=\"og:title\" content=\"Politique d\u2019accessibilit\u00e9 - E Block Inc.\" \/>\n<meta property=\"og:description\" content=\"Politique d&rsquo;accessibilit\u00e9 E INC. s&rsquo;efforce d&rsquo;offrir ses services de mani\u00e8re \u00e0 respecter la dignit\u00e9 et l&rsquo;autonomie des personnes handicap\u00e9es. E INC. s&rsquo;engage \u00e0 donner aux personnes handicap\u00e9es la m\u00eame opportunit\u00e9 d&rsquo;acc\u00e9der et de b\u00e9n\u00e9ficier de nos services de la m\u00eame mani\u00e8re que les autres clients. Vous trouverez ci-dessous un lien vers les politiques d\u2019E INC. [&hellip;]\" \/>\n<meta property=\"og:url\" content=\"https:\/\/eblock-bd.com\/fr\/accessibility-policy\/\" \/>\n<meta property=\"og:site_name\" content=\"E Block Inc.\" \/>\n<meta property=\"article:modified_time\" content=\"2025-02-17T20:31:27+00:00\" \/>\n<meta name=\"twitter:card\" content=\"summary_large_image\" \/>\n<meta name=\"twitter:label1\" content=\"Estimation du temps de lecture\" \/>\n\t<meta name=\"twitter:data1\" content=\"1 minute\" \/>\n<script type=\"application\/ld+json\" class=\"yoast-schema-graph\">{\"@context\":\"https:\/\/schema.org\",\"@graph\":[{\"@type\":\"WebPage\",\"@id\":\"https:\/\/eblock-bd.com\/fr\/accessibility-policy\/\",\"url\":\"https:\/\/eblock-bd.com\/fr\/accessibility-policy\/\",\"name\":\"Politique d\u2019accessibilit\u00e9 - E Block Inc.\",\"isPartOf\":{\"@id\":\"https:\/\/eblock-bd.com\/fr\/#website\"},\"datePublished\":\"2024-05-10T12:31:36+00:00\",\"dateModified\":\"2025-02-17T20:31:27+00:00\",\"breadcrumb\":{\"@id\":\"https:\/\/eblock-bd.com\/fr\/accessibility-policy\/#breadcrumb\"},\"inLanguage\":\"fr-CA\",\"potentialAction\":[{\"@type\":\"ReadAction\",\"target\":[\"https:\/\/eblock-bd.com\/fr\/accessibility-policy\/\"]}]},{\"@type\":\"BreadcrumbList\",\"@id\":\"https:\/\/eblock-bd.com\/fr\/accessibility-policy\/#breadcrumb\",\"itemListElement\":[{\"@type\":\"ListItem\",\"position\":1,\"name\":\"Home\",\"item\":\"https:\/\/eblock-bd.com\/fr\/\"},{\"@type\":\"ListItem\",\"position\":2,\"name\":\"Politique d\u2019accessibilit\u00e9\"}]},{\"@type\":\"WebSite\",\"@id\":\"https:\/\/eblock-bd.com\/fr\/#website\",\"url\":\"https:\/\/eblock-bd.com\/fr\/\",\"name\":\"E Block Inc.\",\"description\":\"\",\"publisher\":{\"@id\":\"https:\/\/eblock-bd.com\/fr\/#organization\"},\"potentialAction\":[{\"@type\":\"SearchAction\",\"target\":{\"@type\":\"EntryPoint\",\"urlTemplate\":\"https:\/\/eblock-bd.com\/fr\/?s={search_term_string}\"},\"query-input\":{\"@type\":\"PropertyValueSpecification\",\"valueRequired\":true,\"valueName\":\"search_term_string\"}}],\"inLanguage\":\"fr-CA\"},{\"@type\":\"Organization\",\"@id\":\"https:\/\/eblock-bd.com\/fr\/#organization\",\"name\":\"E Block Inc.\",\"url\":\"https:\/\/eblock-bd.com\/fr\/\",\"logo\":{\"@type\":\"ImageObject\",\"inLanguage\":\"fr-CA\",\"@id\":\"https:\/\/eblock-bd.com\/fr\/#\/schema\/logo\/image\/\",\"url\":\"https:\/\/eblock-bd.com\/wp-content\/uploads\/2024\/09\/favicon.svg\",\"contentUrl\":\"https:\/\/eblock-bd.com\/wp-content\/uploads\/2024\/09\/favicon.svg\",\"caption\":\"E Block Inc.\"},\"image\":{\"@id\":\"https:\/\/eblock-bd.com\/fr\/#\/schema\/logo\/image\/\"}}]}<\/script>\n<!-- \/ Yoast SEO plugin. -->","yoast_head_json":{"title":"Politique d\u2019accessibilit\u00e9 - E Block Inc.","robots":{"index":"noindex","follow":"follow","max-snippet":"max-snippet:-1","max-image-preview":"max-image-preview:large","max-video-preview":"max-video-preview:-1"},"og_locale":"fr_CA","og_type":"article","og_title":"Politique d\u2019accessibilit\u00e9 - E Block Inc.","og_description":"Politique d&rsquo;accessibilit\u00e9 E INC. s&rsquo;efforce d&rsquo;offrir ses services de mani\u00e8re \u00e0 respecter la dignit\u00e9 et l&rsquo;autonomie des personnes handicap\u00e9es. E INC. s&rsquo;engage \u00e0 donner aux personnes handicap\u00e9es la m\u00eame opportunit\u00e9 d&rsquo;acc\u00e9der et de b\u00e9n\u00e9ficier de nos services de la m\u00eame mani\u00e8re que les autres clients. Vous trouverez ci-dessous un lien vers les politiques d\u2019E INC. [&hellip;]","og_url":"https:\/\/eblock-bd.com\/fr\/accessibility-policy\/","og_site_name":"E Block Inc.","article_modified_time":"2025-02-17T20:31:27+00:00","twitter_card":"summary_large_image","twitter_misc":{"Estimation du temps de lecture":"1 minute"},"schema":{"@context":"https:\/\/schema.org","@graph":[{"@type":"WebPage","@id":"https:\/\/eblock-bd.com\/fr\/accessibility-policy\/","url":"https:\/\/eblock-bd.com\/fr\/accessibility-policy\/","name":"Politique d\u2019accessibilit\u00e9 - E Block Inc.","isPartOf":{"@id":"https:\/\/eblock-bd.com\/fr\/#website"},"datePublished":"2024-05-10T12:31:36+00:00","dateModified":"2025-02-17T20:31:27+00:00","breadcrumb":{"@id":"https:\/\/eblock-bd.com\/fr\/accessibility-policy\/#breadcrumb"},"inLanguage":"fr-CA","potentialAction":[{"@type":"ReadAction","target":["https:\/\/eblock-bd.com\/fr\/accessibility-policy\/"]}]},{"@type":"BreadcrumbList","@id":"https:\/\/eblock-bd.com\/fr\/accessibility-policy\/#breadcrumb","itemListElement":[{"@type":"ListItem","position":1,"name":"Home","item":"https:\/\/eblock-bd.com\/fr\/"},{"@type":"ListItem","position":2,"name":"Politique d\u2019accessibilit\u00e9"}]},{"@type":"WebSite","@id":"https:\/\/eblock-bd.com\/fr\/#website","url":"https:\/\/eblock-bd.com\/fr\/","name":"E Block Inc.","description":"","publisher":{"@id":"https:\/\/eblock-bd.com\/fr\/#organization"},"potentialAction":[{"@type":"SearchAction","target":{"@type":"EntryPoint","urlTemplate":"https:\/\/eblock-bd.com\/fr\/?s={search_term_string}"},"query-input":{"@type":"PropertyValueSpecification","valueRequired":true,"valueName":"search_term_string"}}],"inLanguage":"fr-CA"},{"@type":"Organization","@id":"https:\/\/eblock-bd.com\/fr\/#organization","name":"E Block Inc.","url":"https:\/\/eblock-bd.com\/fr\/","logo":{"@type":"ImageObject","inLanguage":"fr-CA","@id":"https:\/\/eblock-bd.com\/fr\/#\/schema\/logo\/image\/","url":"https:\/\/eblock-bd.com\/wp-content\/uploads\/2024\/09\/favicon.svg","contentUrl":"https:\/\/eblock-bd.com\/wp-content\/uploads\/2024\/09\/favicon.svg","caption":"E Block Inc."},"image":{"@id":"https:\/\/eblock-bd.com\/fr\/#\/schema\/logo\/image\/"}}]}},"_links":{"self":[{"href":"https:\/\/eblock-bd.com\/fr\/wp-json\/wp\/v2\/pages\/8564","targetHints":{"allow":["GET"]}}],"collection":[{"href":"https:\/\/eblock-bd.com\/fr\/wp-json\/wp\/v2\/pages"}],"about":[{"href":"https:\/\/eblock-bd.com\/fr\/wp-json\/wp\/v2\/types\/page"}],"author":[{"embeddable":true,"href":"https:\/\/eblock-bd.com\/fr\/wp-json\/wp\/v2\/users\/1"}],"replies":[{"embeddable":true,"href":"https:\/\/eblock-bd.com\/fr\/wp-json\/wp\/v2\/comments?post=8564"}],"version-history":[{"count":0,"href":"https:\/\/eblock-bd.com\/fr\/wp-json\/wp\/v2\/pages\/8564\/revisions"}],"wp:attachment":[{"href":"https:\/\/eblock-bd.com\/fr\/wp-json\/wp\/v2\/media?parent=8564"}],"curies":[{"name":"wp","href":"https:\/\/api.w.org\/{rel}","templated":true}]}}